{"id":2,"date":"2015-02-24T13:33:36","date_gmt":"2015-02-24T13:33:36","guid":{"rendered":"http:\/\/www.hltretz.ac.at\/herbs\/?page_id=2"},"modified":"2024-10-14T14:05:37","modified_gmt":"2024-10-14T12:05:37","slug":"beispiel-seite","status":"publish","type":"page","link":"https:\/\/herbs.tourismusschulen-retz.at\/?page_id=2","title":{"rendered":"Produkte"},"content":{"rendered":"<h1 class=\"csc-header csc-header-n1\"><a href=\"http:\/\/www.hltretz.ac.at\/herbs\/wp-content\/uploads\/2018\/10\/produkte.jpg\"><img decoding=\"async\" loading=\"lazy\" class=\"alignright wp-image-279\" src=\"http:\/\/www.hltretz.ac.at\/herbs\/wp-content\/uploads\/2018\/10\/produkte.jpg\" alt=\"\" width=\"280\" height=\"273\" \/><\/a><\/h1>\n<h2>Unsere Idee<\/h2>\n<p class=\"bodytext\">Wir schn\u00fcren Sonnentor Produkte zu interessanten neuen Packages. Das tun wir, damit wir Ihnen den besten Genuss bieten k\u00f6nnen !<\/p>\n<h2><\/h2>\n<h2>Sonnentor Produkte<\/h2>\n<ul>\n<li><strong><span style=\"color: #008000;\">Die lachende Sonne \u2013 das Erfolgsrezept<\/span><\/strong><\/li>\n<\/ul>\n<ul>\n<li><strong><span style=\"color: #008000;\">Handverlesen \u2013 Top-Qualit\u00e4t aus biologischem Anbau<\/span><\/strong><\/li>\n<\/ul>\n<ul>\n<li><strong><span style=\"color: #008000;\">Produktideen am laufenden Band \u2013 das SONNENTOR Sortiment<\/span><\/strong><\/li>\n<\/ul>\n<p class=\"bodytext\">SONNENTOR steht seit mehr als 23 Jahren f\u00fcr nachhaltigen, biologischen Anbau in einer der urspr\u00fcnglichsten Regionen \u00d6sterreichs. Das Waldviertler Bio-Unternehmen hat sich mit seinem Logo der lachenden Sonne inzwischen weltweit einen Namen gemacht. Das Geheimnis des Bio-Kr\u00e4uter- und Gew\u00fcrz-experten ist das Bestreben, mit sinnlichen Gen\u00fcssen Freude zu bereiten.<\/p>\n<p class=\"bodytext\">\n<p class=\"bodytext\">Wir freuen uns auf Ihre Bestellungen !<\/p>\n<p class=\"bodytext\">\n","protected":false},"excerpt":{"rendered":"<p>Unsere Idee Wir schn\u00fcren Sonnentor Produkte zu interessanten neuen Packages. Das tun wir, damit wir Ihnen den besten Genuss bieten &hellip; <\/p>\n<p><a href=\"https:\/\/herbs.tourismusschulen-retz.at\/?page_id=2\" class=\"more-link\">Weiterlesen<\/a><\/p>\n","protected":false},"author":1,"featured_media":0,"parent":0,"menu_order":1,"comment_status":"closed","ping_status":"open","template":"","meta":[],"_links":{"self":[{"href":"https:\/\/herbs.tourismusschulen-retz.at\/index.php?rest_route=\/wp\/v2\/pages\/2"}],"collection":[{"href":"https:\/\/herbs.tourismusschulen-retz.at\/index.php?rest_route=\/wp\/v2\/pages"}],"about":[{"href":"https:\/\/herbs.tourismusschulen-retz.at\/index.php?rest_route=\/wp\/v2\/types\/page"}],"author":[{"embeddable":true,"href":"https:\/\/herbs.tourismusschulen-retz.at\/index.php?rest_route=\/wp\/v2\/users\/1"}],"replies":[{"embeddable":true,"href":"https:\/\/herbs.tourismusschulen-retz.at\/index.php?rest_route=%2Fwp%2Fv2%2Fcomments&post=2"}],"version-history":[{"count":13,"href":"https:\/\/herbs.tourismusschulen-retz.at\/index.php?rest_route=\/wp\/v2\/pages\/2\/revisions"}],"predecessor-version":[{"id":657,"href":"https:\/\/herbs.tourismusschulen-retz.at\/index.php?rest_route=\/wp\/v2\/pages\/2\/revisions\/657"}],"wp:attachment":[{"href":"https:\/\/herbs.tourismusschulen-retz.at\/index.php?rest_route=%2Fwp%2Fv2%2Fmedia&parent=2"}],"curies":[{"name":"wp","href":"https:\/\/api.w.org\/{rel}","templated":true}]}}